{"id":1402,"date":"2024-12-05T08:50:24","date_gmt":"2024-12-05T08:50:24","guid":{"rendered":"https:\/\/hubbig.com\/faq\/"},"modified":"2025-10-12T18:02:31","modified_gmt":"2025-10-12T18:02:31","slug":"faq","status":"publish","type":"page","link":"https:\/\/hubbig.com\/en\/faq\/","title":{"rendered":"FAQ"},"content":{"rendered":"\t\t<div data-elementor-type=\"wp-page\" data-elementor-id=\"1402\" class=\"elementor elementor-1402 elementor-799\" data-elementor-settings=\"{&quot;ha_cmc_init_switcher&quot;:&quot;no&quot;}\" data-elementor-post-type=\"page\">\n\t\t\t\t<div class=\"elementor-element elementor-element-6a807be3 e-flex e-con-boxed e-con e-parent\" data-id=\"6a807be3\" data-element_type=\"container\" data-e-type=\"container\" data-settings=\"{&quot;_ha_eqh_enable&quot;:false}\">\n\t\t\t\t\t<div class=\"e-con-inner\">\n\t\t<div class=\"elementor-element elementor-element-576e9dd5 e-con-full e-flex e-con e-child\" data-id=\"576e9dd5\" data-element_type=\"container\" data-e-type=\"container\" data-settings=\"{&quot;_ha_eqh_enable&quot;:false}\">\n\t\t<div class=\"elementor-element elementor-element-1a8b159e e-con-full e-flex e-con e-child\" data-id=\"1a8b159e\" data-element_type=\"container\" data-e-type=\"container\" data-settings=\"{&quot;_ha_eqh_enable&quot;:false}\">\n\t\t\t\t<div class=\"elementor-element elementor-element-72f9fe1e elementor-view-default elementor-widget elementor-widget-icon\" data-id=\"72f9fe1e\" data-element_type=\"widget\" data-e-type=\"widget\" data-widget_type=\"icon.default\">\n\t\t\t\t<div class=\"elementor-widget-container\">\n\t\t\t\t\t\t\t<div class=\"elementor-icon-wrapper\">\n\t\t\t<div class=\"elementor-icon\">\n\t\t\t<svg aria-hidden=\"true\" class=\"e-font-icon-svg e-fas-circle-notch\" viewBox=\"0 0 512 512\" xmlns=\"http:\/\/www.w3.org\/2000\/svg\"><path d=\"M288 39.056v16.659c0 10.804 7.281 20.159 17.686 23.066C383.204 100.434 440 171.518 440 256c0 101.689-82.295 184-184 184-101.689 0-184-82.295-184-184 0-84.47 56.786-155.564 134.312-177.219C216.719 75.874 224 66.517 224 55.712V39.064c0-15.709-14.834-27.153-30.046-23.234C86.603 43.482 7.394 141.206 8.003 257.332c.72 137.052 111.477 246.956 248.531 246.667C393.255 503.711 504 392.788 504 256c0-115.633-79.14-212.779-186.211-240.236C302.678 11.889 288 23.456 288 39.056z\"><\/path><\/svg>\t\t\t<\/div>\n\t\t<\/div>\n\t\t\t\t\t\t<\/div>\n\t\t\t\t<\/div>\n\t\t\t\t<div class=\"elementor-element elementor-element-1cf6d99e elementor-widget elementor-widget-heading\" data-id=\"1cf6d99e\" data-element_type=\"widget\" data-e-type=\"widget\" data-widget_type=\"heading.default\">\n\t\t\t\t<div class=\"elementor-widget-container\">\n\t\t\t\t\t<h6 class=\"elementor-heading-title elementor-size-default\">FAQ<\/h6>\t\t\t\t<\/div>\n\t\t\t\t<\/div>\n\t\t\t\t<\/div>\n\t\t\t\t<div class=\"elementor-element elementor-element-9f1c10c elementor-invisible elementor-widget elementor-widget-heading\" data-id=\"9f1c10c\" data-element_type=\"widget\" data-e-type=\"widget\" data-settings=\"{&quot;_animation&quot;:&quot;fadeInUp&quot;}\" data-widget_type=\"heading.default\">\n\t\t\t\t<div class=\"elementor-widget-container\">\n\t\t\t\t\t<h2 class=\"elementor-heading-title elementor-size-default\">Frequently asked questions<\/h2>\t\t\t\t<\/div>\n\t\t\t\t<\/div>\n\t\t\t\t<\/div>\n\t\t<div class=\"elementor-element elementor-element-62b0f43a e-con-full e-flex e-con e-child\" data-id=\"62b0f43a\" data-element_type=\"container\" data-e-type=\"container\" data-settings=\"{&quot;_ha_eqh_enable&quot;:false}\">\n\t\t<div class=\"elementor-element elementor-element-2ef3e902 e-con-full e-flex e-con e-child\" data-id=\"2ef3e902\" data-element_type=\"container\" data-e-type=\"container\" data-settings=\"{&quot;_ha_eqh_enable&quot;:false}\">\n\t\t\t\t<div class=\"elementor-element elementor-element-19a3966d elementor-widget elementor-widget-jkit_accordion\" data-id=\"19a3966d\" data-element_type=\"widget\" data-e-type=\"widget\" data-widget_type=\"jkit_accordion.default\">\n\t\t\t\t<div class=\"elementor-widget-container\">\n\t\t\t\t\t<div  class=\"jeg-elementor-kit jkit-accordion style-default jeg_module___69e8cfc2a0e21\" ><div class=\"card-wrapper expand\">\n                <div class=\"card-header\">\n                    <a href=\"#expand-4daef5e\" class=\"card-header-button\" aria-expanded=\"false\" data-target=\"#expand-4daef5e\" aria-controls=\"expand-4daef5e\">\n                        <span class=\"title\">\u0160to je HUBBIG i kako funkcionira?<\/span><div class=\"right-icon-group\">\n                <div class=\"normal-icon\"><i aria-hidden=\"true\" class=\" icon_plus_alt2\"><\/i><\/div>\n                <div class=\"active-icon\"><i aria-hidden=\"true\" class=\" icon_minus_alt2\"><\/i><\/div>\n            <\/div>\n                    <\/a>\n                <\/div>\n                <div class=\"card-expand\" id=\"expand-4daef5e\" style=\"display:block\"><div class=\"card-body\"><p><span style=\"font-weight: 400\">HUBBIG je inovativna aplikacija osmi\u0161ljena kako bi \u0161pediterima olak\u0161ala pronala\u017eenje prijevoznika za prijevoz robe. Platforma povezuje \u0161peditere i prijevoznike na jednom mjestu, omogu\u0107uju\u0107i brzo pretra\u017eivanje, usporedbu i ugovaranje usluga prijevoza. Korisnici mogu jednostavno unijeti detalje o po\u0161iljci, poput odredi\u0161ta, vrste tereta i datuma, a aplikacija \u0107e poslati takav upit na prijevoznike koji su na tim relacijama.\u00a0<\/span><\/p><\/div><\/div>\n            <\/div><div class=\"card-wrapper \">\n                <div class=\"card-header\">\n                    <a href=\"#expand-a739f0e\" class=\"card-header-button\" aria-expanded=\"false\" data-target=\"#expand-a739f0e\" aria-controls=\"expand-a739f0e\">\n                        <span class=\"title\">Tko mo\u017ee koristiti aplikaciju HUBBIG?<\/span><div class=\"right-icon-group\">\n                <div class=\"normal-icon\"><i aria-hidden=\"true\" class=\" icon_plus_alt2\"><\/i><\/div>\n                <div class=\"active-icon\"><i aria-hidden=\"true\" class=\" icon_minus_alt2\"><\/i><\/div>\n            <\/div>\n                    <\/a>\n                <\/div>\n                <div class=\"card-expand\" id=\"expand-a739f0e\" style=\"display:none\"><div class=\"card-body\"><p><span style=\"font-weight: 400\">Aplikaciju HUBBIG mogu koristiti \u0161pediteri, logisti\u010dke tvrtke, prijevoznici i sve tvrtke koje trebaju prona\u0107i pouzdanog prijevoznika za organizaciju prijevoza robe. Bez obzira na veli\u010dinu va\u0161e tvrtke ili vrstu robe koju prevozite, HUBBIG vam poma\u017ee prona\u0107i idealnog prijevoznika za va\u0161e potrebe.<\/span><\/p><\/div><\/div>\n            <\/div><div class=\"card-wrapper \">\n                <div class=\"card-header\">\n                    <a href=\"#expand-2962e58\" class=\"card-header-button\" aria-expanded=\"false\" data-target=\"#expand-2962e58\" aria-controls=\"expand-2962e58\">\n                        <span class=\"title\">Kako se registrirati na platformu HUBBIG?<\/span><div class=\"right-icon-group\">\n                <div class=\"normal-icon\"><i aria-hidden=\"true\" class=\" icon_plus_alt2\"><\/i><\/div>\n                <div class=\"active-icon\"><i aria-hidden=\"true\" class=\" icon_minus_alt2\"><\/i><\/div>\n            <\/div>\n                    <\/a>\n                <\/div>\n                <div class=\"card-expand\" id=\"expand-2962e58\" style=\"display:none\"><div class=\"card-body\"><p><span style=\"font-weight: 400\">Registracija na HUBBIG platformu je jednostavna i brza.<\/span><\/p><ol><li style=\"font-weight: 400\"><span style=\"font-weight: 400\">Posjetite na\u0161u web stranicu hubbig.com\u00a0<\/span><\/li><li style=\"font-weight: 400\"><span style=\"font-weight: 400\">Ispunite kratku formu sa va\u0161im osnovnim podacima kako bismo mogli .<\/span><\/li><li style=\"font-weight: 400\"><span style=\"font-weight: 400\">Nakon \u0161to potvrdite svoju e-mail adresu, trebate odabrati vrijeme kada je vama pogodno da se \u010dujete sa nekim od na\u0161ih kolega koji \u0107e vam pojasniti kako aplikacija radi te \u0161to je sve potrebno da se priklju\u010dite. <\/span><\/li><\/ol><\/div><\/div>\n            <\/div><div class=\"card-wrapper \">\n                <div class=\"card-header\">\n                    <a href=\"#expand-786e8de\" class=\"card-header-button\" aria-expanded=\"false\" data-target=\"#expand-786e8de\" aria-controls=\"expand-786e8de\">\n                        <span class=\"title\">Postoji li demo verzija ili probno razdoblje za aplikaciju HUBBIG?<\/span><div class=\"right-icon-group\">\n                <div class=\"normal-icon\"><i aria-hidden=\"true\" class=\" icon_plus_alt2\"><\/i><\/div>\n                <div class=\"active-icon\"><i aria-hidden=\"true\" class=\" icon_minus_alt2\"><\/i><\/div>\n            <\/div>\n                    <\/a>\n                <\/div>\n                <div class=\"card-expand\" id=\"expand-786e8de\" style=\"display:none\"><div class=\"card-body\"><p><span style=\"font-weight: 400\">Da, HUBBIG nudi demo verziju kako biste se mogli upoznati s funkcionalnostima platforme. Novi korisnici tako\u0111er imaju mogu\u0107nost probnog razdoblja tijekom kojeg mogu besplatno isprobati klju\u010dne zna\u010dajke aplikacije. Za vi\u0161e informacija o demo verziji ili probnom razdoblju, kontaktirajte na\u0161 tim putem e-maila na web stranici.<\/span><\/p><\/div><\/div>\n            <\/div><div class=\"card-wrapper \">\n                <div class=\"card-header\">\n                    <a href=\"#expand-a1ada7e\" class=\"card-header-button\" aria-expanded=\"false\" data-target=\"#expand-a1ada7e\" aria-controls=\"expand-a1ada7e\">\n                        <span class=\"title\">Je li HUBBIG dostupan za me\u0111unarodne po\u0161iljke?<\/span><div class=\"right-icon-group\">\n                <div class=\"normal-icon\"><i aria-hidden=\"true\" class=\" icon_plus_alt2\"><\/i><\/div>\n                <div class=\"active-icon\"><i aria-hidden=\"true\" class=\" icon_minus_alt2\"><\/i><\/div>\n            <\/div>\n                    <\/a>\n                <\/div>\n                <div class=\"card-expand\" id=\"expand-a1ada7e\" style=\"display:none\"><div class=\"card-body\"><p><span style=\"font-weight: 400\">Da, HUBBIG je dizajniran za podr\u0161ku i doma\u0107im i me\u0111unarodnim po\u0161iljkama. Bez obzira \u0161aljete li robu unutar Hrvatske ili prema globalnim destinacijama, aplikacija vam omogu\u0107uje jednostavno pronala\u017eenje prijevoznika koji pokrivaju potrebne rute i tipove prijevoza.<\/span><\/p><\/div><\/div>\n            <\/div><div class=\"card-wrapper \">\n                <div class=\"card-header\">\n                    <a href=\"#expand-6be2322\" class=\"card-header-button\" aria-expanded=\"false\" data-target=\"#expand-6be2322\" aria-controls=\"expand-6be2322\">\n                        <span class=\"title\">Kako mogu dodati novog prijevoznika u aplikaciju?<\/span><div class=\"right-icon-group\">\n                <div class=\"normal-icon\"><i aria-hidden=\"true\" class=\" icon_plus_alt2\"><\/i><\/div>\n                <div class=\"active-icon\"><i aria-hidden=\"true\" class=\" icon_minus_alt2\"><\/i><\/div>\n            <\/div>\n                    <\/a>\n                <\/div>\n                <div class=\"card-expand\" id=\"expand-6be2322\" style=\"display:none\"><div class=\"card-body\"><p><span style=\"font-weight: 400\">U karticama sa lijeve strane aplikacije imate opciju \"Prijevoznici\" &gt; \u201cDodaj prijevoznika\u201d, gdje mo\u017eete unijeti podatke novog partnera. Mo\u017eete odabrati \u017eelite li da taj prijevoznik bude dostupan samo vama ili svim korisnicima aplikacije. Zatim ispunite sve tra\u017eene informacije o prijevozniku.<\/span><\/p><\/div><\/div>\n            <\/div><div class=\"card-wrapper \">\n                <div class=\"card-header\">\n                    <a href=\"#expand-e65924e\" class=\"card-header-button\" aria-expanded=\"false\" data-target=\"#expand-e65924e\" aria-controls=\"expand-e65924e\">\n                        <span class=\"title\"> Mogu li odabrati kome \u0161aljem upite?<\/span><div class=\"right-icon-group\">\n                <div class=\"normal-icon\"><i aria-hidden=\"true\" class=\" icon_plus_alt2\"><\/i><\/div>\n                <div class=\"active-icon\"><i aria-hidden=\"true\" class=\" icon_minus_alt2\"><\/i><\/div>\n            <\/div>\n                    <\/a>\n                <\/div>\n                <div class=\"card-expand\" id=\"expand-e65924e\" style=\"display:none\"><div class=\"card-body\"><p>Da, mo\u017eete kreirati svoju listu omiljenih prijevoznika kako biste slali upite samo provjerenim partnerima umjesto svim korisnicima aplikacije koji odgovaraju tom upitu.<\/p><\/div><\/div>\n            <\/div><div class=\"card-wrapper \">\n                <div class=\"card-header\">\n                    <a href=\"#expand-fa97d97\" class=\"card-header-button\" aria-expanded=\"false\" data-target=\"#expand-fa97d97\" aria-controls=\"expand-fa97d97\">\n                        <span class=\"title\">Mogu li postaviti kriterije poput tipa vozila, dostupnosti ili regije u kojoj rade?<\/span><div class=\"right-icon-group\">\n                <div class=\"normal-icon\"><i aria-hidden=\"true\" class=\" icon_plus_alt2\"><\/i><\/div>\n                <div class=\"active-icon\"><i aria-hidden=\"true\" class=\" icon_minus_alt2\"><\/i><\/div>\n            <\/div>\n                    <\/a>\n                <\/div>\n                <div class=\"card-expand\" id=\"expand-fa97d97\" style=\"display:none\"><div class=\"card-body\"><p><span style=\"font-weight: 400\">Da, mo\u017eete filtrirati sve prijevoznike prema tipu vozila i dr\u017eavama u kojima prometuju<\/span><\/p><\/div><\/div>\n            <\/div><div class=\"card-wrapper \">\n                <div class=\"card-header\">\n                    <a href=\"#expand-d3db339\" class=\"card-header-button\" aria-expanded=\"false\" data-target=\"#expand-d3db339\" aria-controls=\"expand-d3db339\">\n                        <span class=\"title\"> Kako mogu ukloniti odre\u0111enog prijevoznika?<\/span><div class=\"right-icon-group\">\n                <div class=\"normal-icon\"><i aria-hidden=\"true\" class=\" icon_plus_alt2\"><\/i><\/div>\n                <div class=\"active-icon\"><i aria-hidden=\"true\" class=\" icon_minus_alt2\"><\/i><\/div>\n            <\/div>\n                    <\/a>\n                <\/div>\n                <div class=\"card-expand\" id=\"expand-d3db339\" style=\"display:none\"><div class=\"card-body\"><p><span style=\"font-weight: 400\">U postavkama liste prijevoznika mo\u017eete ukloniti odre\u0111ene partnere kako va\u0161i upiti vi\u0161e ne bi stizali do njih.<\/span><\/p><\/div><\/div>\n            <\/div><div class=\"card-wrapper \">\n                <div class=\"card-header\">\n                    <a href=\"#expand-fac93ee\" class=\"card-header-button\" aria-expanded=\"false\" data-target=\"#expand-fac93ee\" aria-controls=\"expand-fac93ee\">\n                        <span class=\"title\">Mogu li postaviti okvirne cijene prijevoza ili o\u010dekujem ponude od prijevoznika?<\/span><div class=\"right-icon-group\">\n                <div class=\"normal-icon\"><i aria-hidden=\"true\" class=\" icon_plus_alt2\"><\/i><\/div>\n                <div class=\"active-icon\"><i aria-hidden=\"true\" class=\" icon_minus_alt2\"><\/i><\/div>\n            <\/div>\n                    <\/a>\n                <\/div>\n                <div class=\"card-expand\" id=\"expand-fac93ee\" style=\"display:none\"><div class=\"card-body\"><p><span style=\"font-weight: 400\">Trenutno aplikacija ne omogu\u0107uje postavljanje okvirnih cijena prijevoza. Prijevoznici \u0107e vam nakon primljenog upita poslati svoju ponudu na temelju informacija koje ste unijeli u zahtjev.<\/span><\/p><\/div><\/div>\n            <\/div><div class=\"card-wrapper \">\n                <div class=\"card-header\">\n                    <a href=\"#expand-b8e7ddf\" class=\"card-header-button\" aria-expanded=\"false\" data-target=\"#expand-b8e7ddf\" aria-controls=\"expand-b8e7ddf\">\n                        <span class=\"title\">Kako mogu pratiti svoje poslane upite?<\/span><div class=\"right-icon-group\">\n                <div class=\"normal-icon\"><i aria-hidden=\"true\" class=\" icon_plus_alt2\"><\/i><\/div>\n                <div class=\"active-icon\"><i aria-hidden=\"true\" class=\" icon_minus_alt2\"><\/i><\/div>\n            <\/div>\n                    <\/a>\n                <\/div>\n                <div class=\"card-expand\" id=\"expand-b8e7ddf\" style=\"display:none\"><div class=\"card-body\"><p><span style=\"font-weight: 400\">Unutar aplikacije postoji odjeljak \"Upiti\" gdje mo\u017eete vidjeti broj poslanih upita i odgovore na iste ukoliko su une\u0161eni u aplikaciju.<\/span><\/p><\/div><\/div>\n            <\/div><div class=\"card-wrapper \">\n                <div class=\"card-header\">\n                    <a href=\"#expand-951035f\" class=\"card-header-button\" aria-expanded=\"false\" data-target=\"#expand-951035f\" aria-controls=\"expand-951035f\">\n                        <span class=\"title\">Mogu li kontaktirati prijevoznike direktno iz aplikacije?<\/span><div class=\"right-icon-group\">\n                <div class=\"normal-icon\"><i aria-hidden=\"true\" class=\" icon_plus_alt2\"><\/i><\/div>\n                <div class=\"active-icon\"><i aria-hidden=\"true\" class=\" icon_minus_alt2\"><\/i><\/div>\n            <\/div>\n                    <\/a>\n                <\/div>\n                <div class=\"card-expand\" id=\"expand-951035f\" style=\"display:none\"><div class=\"card-body\"><p><span style=\"font-weight: 400\">Ne, sva komunikacija izme\u0111u \u0161peditera i prijevoznika odvija se putem e-maila. Kada po\u0161aljete upit, prijevoznik vam odgovara direktno putem e-maila.<\/span><\/p><\/div><\/div>\n            <\/div><div class=\"card-wrapper \">\n                <div class=\"card-header\">\n                    <a href=\"#expand-4299ec5\" class=\"card-header-button\" aria-expanded=\"false\" data-target=\"#expand-4299ec5\" aria-controls=\"expand-4299ec5\">\n                        <span class=\"title\">Kako i kada mogu o\u010dekivati odgovore od prijevoznika?<\/span><div class=\"right-icon-group\">\n                <div class=\"normal-icon\"><i aria-hidden=\"true\" class=\" icon_plus_alt2\"><\/i><\/div>\n                <div class=\"active-icon\"><i aria-hidden=\"true\" class=\" icon_minus_alt2\"><\/i><\/div>\n            <\/div>\n                    <\/a>\n                <\/div>\n                <div class=\"card-expand\" id=\"expand-4299ec5\" style=\"display:none\"><div class=\"card-body\"><p><span style=\"font-weight: 400\">Odgovori prijevoznika sti\u017eu putem e-maila, a vrijeme odgovora ovisi o njihovoj dostupnosti. Preporu\u010dujemo da redovito provjeravate svoju e-po\u0161tu kako biste \u0161to br\u017ee mogli reagirati na ponude<\/span><\/p><\/div><\/div>\n            <\/div><div class=\"card-wrapper \">\n                <div class=\"card-header\">\n                    <a href=\"#expand-f9add28\" class=\"card-header-button\" aria-expanded=\"false\" data-target=\"#expand-f9add28\" aria-controls=\"expand-f9add28\">\n                        <span class=\"title\">Postoji li sustav ocjenjivanja ili recenzija koji mi mo\u017ee pomo\u0107i u odabiru?<\/span><div class=\"right-icon-group\">\n                <div class=\"normal-icon\"><i aria-hidden=\"true\" class=\" icon_plus_alt2\"><\/i><\/div>\n                <div class=\"active-icon\"><i aria-hidden=\"true\" class=\" icon_minus_alt2\"><\/i><\/div>\n            <\/div>\n                    <\/a>\n                <\/div>\n                <div class=\"card-expand\" id=\"expand-f9add28\" style=\"display:none\"><div class=\"card-body\"><p><span style=\"font-weight: 400\">Ne, u aplikaciji trenutno ne postoji sustav ocjenjivanja prijevoznika. Me\u0111utim, preporu\u010dujemo dugoro\u010dnu suradnju s provjerenim prijevoznicima i kori\u0161tenje opcije omiljenih prijevoznika kako biste radili s partnerima kojima vjerujete. Tako\u0111er, u planu su unaprije\u0111enja aplikacije koja \u0107e uzeti u obzir i ove funkcionalnosti.<\/span><\/p><\/div><\/div>\n            <\/div><div class=\"card-wrapper \">\n                <div class=\"card-header\">\n                    <a href=\"#expand-c3488af\" class=\"card-header-button\" aria-expanded=\"false\" data-target=\"#expand-c3488af\" aria-controls=\"expand-c3488af\">\n                        <span class=\"title\">Postoje li rezervne opcije ili na\u010din da brzo prona\u0111em drugog prijevoznika?<\/span><div class=\"right-icon-group\">\n                <div class=\"normal-icon\"><i aria-hidden=\"true\" class=\" icon_plus_alt2\"><\/i><\/div>\n                <div class=\"active-icon\"><i aria-hidden=\"true\" class=\" icon_minus_alt2\"><\/i><\/div>\n            <\/div>\n                    <\/a>\n                <\/div>\n                <div class=\"card-expand\" id=\"expand-c3488af\" style=\"display:none\"><div class=\"card-body\"><p><span style=\"font-weight: 400\">Ako ne dobijete odgovore na vrijeme ili \u017eelite dodatne opcije, uvijek mo\u017eete ponovno poslati upit svim prijevoznicima ili pro\u0161iriti svoju mre\u017eu dodavanjem novih partnera u sustav.<\/span><\/p><\/div><\/div>\n            <\/div><div class=\"card-wrapper \">\n                <div class=\"card-header\">\n                    <a href=\"#expand-7637818\" class=\"card-header-button\" aria-expanded=\"false\" data-target=\"#expand-7637818\" aria-controls=\"expand-7637818\">\n                        <span class=\"title\">Tko su prijevoznici u bazi?<\/span><div class=\"right-icon-group\">\n                <div class=\"normal-icon\"><i aria-hidden=\"true\" class=\" icon_plus_alt2\"><\/i><\/div>\n                <div class=\"active-icon\"><i aria-hidden=\"true\" class=\" icon_minus_alt2\"><\/i><\/div>\n            <\/div>\n                    <\/a>\n                <\/div>\n                <div class=\"card-expand\" id=\"expand-7637818\" style=\"display:none\"><div class=\"card-body\"><p>U sustavu je vi\u0161e od <strong data-start=\"1189\" data-end=\"1223\">1.400 provjerenih prijevoznika<\/strong> iz 30+ zemalja Europe. Svi su pro\u0161li osnovnu verifikaciju i imaju definirane tipove vozila i rute koje pokrivaju.<\/p><\/div><\/div>\n            <\/div><\/div>\t\t\t\t<\/div>\n\t\t\t\t<\/div>\n\t\t\t\t<\/div>\n\t\t\t\t<\/div>\n\t\t\t\t\t<\/div>\n\t\t\t\t<\/div>\n\t\t<div class=\"elementor-element elementor-element-6c15e01 e-flex e-con-boxed e-con e-parent\" data-id=\"6c15e01\" data-element_type=\"container\" data-e-type=\"container\" data-settings=\"{&quot;_ha_eqh_enable&quot;:false}\">\n\t\t\t\t\t<div class=\"e-con-inner\">\n\t\t\t\t<div class=\"elementor-element elementor-element-246ff01 elementor-widget elementor-widget-spacer\" data-id=\"246ff01\" data-element_type=\"widget\" data-e-type=\"widget\" data-widget_type=\"spacer.default\">\n\t\t\t\t<div class=\"elementor-widget-container\">\n\t\t\t\t\t\t\t<div class=\"elementor-spacer\">\n\t\t\t<div class=\"elementor-spacer-inner\"><\/div>\n\t\t<\/div>\n\t\t\t\t\t\t<\/div>\n\t\t\t\t<\/div>\n\t\t\t\t\t<\/div>\n\t\t\t\t<\/div>\n\t\t\t\t<\/div>\n\t\t","protected":false},"excerpt":{"rendered":"<p>FAQ Frequently asked questions \u0160to je HUBBIG i kako funkcionira? HUBBIG je inovativna aplikacija osmi\u0161ljena kako bi \u0161pediterima olak\u0161ala pronala\u017eenje [&hellip;]<\/p>\n","protected":false},"author":1,"featured_media":0,"parent":0,"menu_order":0,"comment_status":"closed","ping_status":"closed","template":"","meta":{"nf_dc_page":"","_eb_attr":"","content-type":"","_monsterinsights_skip_tracking":false,"_monsterinsights_sitenote_active":false,"_monsterinsights_sitenote_note":"","_monsterinsights_sitenote_category":0,"_uf_show_specific_survey":0,"_uf_disable_surveys":false,"site-sidebar-layout":"no-sidebar","site-content-layout":"","ast-site-content-layout":"full-width-container","site-content-style":"default","site-sidebar-style":"default","ast-global-header-display":"","ast-banner-title-visibility":"","ast-main-header-display":"","ast-hfb-above-header-display":"","ast-hfb-below-header-display":"","ast-hfb-mobile-header-display":"","site-post-title":"disabled","ast-breadcrumbs-content":"","ast-featured-img":"disabled","footer-sml-layout":"","ast-disable-related-posts":"","theme-transparent-header-meta":"","adv-header-id-meta":"","stick-header-meta":"","header-above-stick-meta":"","header-main-stick-meta":"","header-below-stick-meta":"","astra-migrate-meta-layouts":"default","ast-page-background-enabled":"default","ast-page-background-meta":{"desktop":{"background-color":"var(--ast-global-color-4)","background-image":"","background-repeat":"repeat","background-position":"center center","background-size":"auto","background-attachment":"scroll","background-type":"","background-media":"","overlay-type":"","overlay-color":"","overlay-opacity":"","overlay-gradient":""},"tablet":{"background-color":"","background-image":"","background-repeat":"repeat","background-position":"center center","background-size":"auto","background-attachment":"scroll","background-type":"","background-media":"","overlay-type":"","overlay-color":"","overlay-opacity":"","overlay-gradient":""},"mobile":{"background-color":"","background-image":"","background-repeat":"repeat","background-position":"center center","background-size":"auto","background-attachment":"scroll","background-type":"","background-media":"","overlay-type":"","overlay-color":"","overlay-opacity":"","overlay-gradient":""}},"ast-content-background-meta":{"desktop":{"background-color":"var(--ast-global-color-5)","background-image":"","background-repeat":"repeat","background-position":"center center","background-size":"auto","background-attachment":"scroll","background-type":"","background-media":"","overlay-type":"","overlay-color":"","overlay-opacity":"","overlay-gradient":""},"tablet":{"background-color":"var(--ast-global-color-5)","background-image":"","background-repeat":"repeat","background-position":"center center","background-size":"auto","background-attachment":"scroll","background-type":"","background-media":"","overlay-type":"","overlay-color":"","overlay-opacity":"","overlay-gradient":""},"mobile":{"background-color":"var(--ast-global-color-5)","background-image":"","background-repeat":"repeat","background-position":"center center","background-size":"auto","background-attachment":"scroll","background-type":"","background-media":"","overlay-type":"","overlay-color":"","overlay-opacity":"","overlay-gradient":""}},"footnotes":""},"class_list":["post-1402","page","type-page","status-publish","hentry"],"jetpack_sharing_enabled":true,"_links":{"self":[{"href":"https:\/\/hubbig.com\/en\/wp-json\/wp\/v2\/pages\/1402","targetHints":{"allow":["GET"]}}],"collection":[{"href":"https:\/\/hubbig.com\/en\/wp-json\/wp\/v2\/pages"}],"about":[{"href":"https:\/\/hubbig.com\/en\/wp-json\/wp\/v2\/types\/page"}],"author":[{"embeddable":true,"href":"https:\/\/hubbig.com\/en\/wp-json\/wp\/v2\/users\/1"}],"replies":[{"embeddable":true,"href":"https:\/\/hubbig.com\/en\/wp-json\/wp\/v2\/comments?post=1402"}],"version-history":[{"count":2,"href":"https:\/\/hubbig.com\/en\/wp-json\/wp\/v2\/pages\/1402\/revisions"}],"predecessor-version":[{"id":2805,"href":"https:\/\/hubbig.com\/en\/wp-json\/wp\/v2\/pages\/1402\/revisions\/2805"}],"wp:attachment":[{"href":"https:\/\/hubbig.com\/en\/wp-json\/wp\/v2\/media?parent=1402"}],"curies":[{"name":"wp","href":"https:\/\/api.w.org\/{rel}","templated":true}]}}